{"id":59,"date":"2023-09-09T19:40:58","date_gmt":"2023-09-09T19:40:58","guid":{"rendered":"https:\/\/durgafarms.de\/?page_id=59"},"modified":"2023-09-23T18:56:10","modified_gmt":"2023-09-23T18:56:10","slug":"wood-pressed-coconut-oil","status":"publish","type":"page","link":"https:\/\/durgafarms.de\/","title":{"rendered":"durga farms"},"content":{"rendered":"\n<p>Wir von Durga Farms sind mehr als nur ein Kokosnuss\u00f6lhersteller. Wir sind ein St\u00fcck unber\u00fchrtes S\u00fcdindien, eingebettet in das Herz der \u00fcppigen Landschaften Tamil Nadus. Unsere Reise beginnt in der bezaubernden Stadt Myvadi, wo die Harmonie der Natur auf traditionelle landwirtschaftliche Weisheit trifft.<\/p>\n\n\n\n<h2 class=\"wp-block-heading\">Die Essenz von Myvadi<\/h2>\n\n\n\n<p>Myvadi mit seiner ruhigen Umgebung und seinem sanften Klima ist der Ort, an dem die Magie geschieht. Es ist ein Ort, an dem jeder Regentropfen und jeder Sonnenstrahl zu einem Teil unserer Bio-Kokosnusshaine wird. Hier l\u00e4sst die heilige Erde von Tamil Nadu Kokospalmen wachsen, die sich im Rhythmus der Natur wiegen.<\/p>\n\n\n\n<h2 class=\"wp-block-heading\">Gutes vom Bauernhof in die Flasche<\/h2>\n\n\n\n<p>Unser Kokosnuss\u00f6l ist ein Zeugnis f\u00fcr die reinste Form der Natur. Wir bauen unsere Kokosn\u00fcsse mit \u00e4u\u00dferster Sorgfalt an und verwenden nachhaltige Anbaumethoden, die die Umwelt sch\u00fctzen. Unsere Gir-K\u00fche grasen auf den fruchtbaren Weiden und tragen so zur Harmonie unseres \u00d6kosystems bei.<\/p>\n\n\n\n<h2 class=\"wp-block-heading\">Ein Geschmack von S\u00fcdindien<\/h2>\n\n\n\n<p>Erleben Sie den Reichtum S\u00fcdindiens in jedem Tropfen unseres Kokosnuss\u00f6ls. Es ist nicht nur ein Produkt, sondern eine Reise durch die Landschaften von Myvadi, die Weisheit der landwirtschaftlichen Traditionen von Tamil Nadu und die reine Essenz von Durga Farms.<\/p>\n\n\n\n<p><\/p>\n","protected":false},"excerpt":{"rendered":"<p>Wir von Durga Farms sind mehr als nur ein Kokosnuss\u00f6lhersteller. Wir sind ein St\u00fcck unber\u00fchrtes S\u00fcdindien, eingebettet in das Herz der \u00fcppigen Landschaften Tamil Nadus. Unsere Reise beginnt in der bezaubernden Stadt Myvadi, wo die Harmonie der Natur auf traditionelle landwirtschaftliche Weisheit trifft. Die Essenz von Myvadi Myvadi mit seiner ruhigen Umgebung und seinem sanften<\/p>\n<div class=\"more-link\">\n             <a href=\"https:\/\/durgafarms.de\/\" class=\"link-btn\"><span>Weiterlesen <\/span><i class=\"icofont-thin-double-right\"><\/i><\/a>\n        <\/div>\n","protected":false},"author":1,"featured_media":0,"parent":0,"menu_order":0,"comment_status":"closed","ping_status":"closed","template":"","meta":{"footnotes":""},"_links":{"self":[{"href":"https:\/\/durgafarms.de\/index.php?rest_route=\/wp\/v2\/pages\/59"}],"collection":[{"href":"https:\/\/durgafarms.de\/index.php?rest_route=\/wp\/v2\/pages"}],"about":[{"href":"https:\/\/durgafarms.de\/index.php?rest_route=\/wp\/v2\/types\/page"}],"author":[{"embeddable":true,"href":"https:\/\/durgafarms.de\/index.php?rest_route=\/wp\/v2\/users\/1"}],"replies":[{"embeddable":true,"href":"https:\/\/durgafarms.de\/index.php?rest_route=%2Fwp%2Fv2%2Fcomments&post=59"}],"version-history":[{"count":12,"href":"https:\/\/durgafarms.de\/index.php?rest_route=\/wp\/v2\/pages\/59\/revisions"}],"predecessor-version":[{"id":105,"href":"https:\/\/durgafarms.de\/index.php?rest_route=\/wp\/v2\/pages\/59\/revisions\/105"}],"wp:attachment":[{"href":"https:\/\/durgafarms.de\/index.php?rest_route=%2Fwp%2Fv2%2Fmedia&parent=59"}],"curies":[{"name":"wp","href":"https:\/\/api.w.org\/{rel}","templated":true}]}}